{"id":107,"date":"2018-10-30T14:47:10","date_gmt":"2018-10-30T14:47:10","guid":{"rendered":"http:\/\/www.hrservices.es\/?page_id=107"},"modified":"2018-11-12T16:54:24","modified_gmt":"2018-11-12T16:54:24","slug":"otros-servicios","status":"publish","type":"page","link":"https:\/\/www.hrservices.es\/?page_id=107","title":{"rendered":"+ Servicios"},"content":{"rendered":"<p><img loading=\"lazy\" decoding=\"async\" class=\"size-medium wp-image-151 alignright\" src=\"http:\/\/www.hrservices.es\/wp-content\/uploads\/2018\/11\/law-1991004_1920-300x196.jpg\" alt=\"\" width=\"300\" height=\"196\" srcset=\"https:\/\/www.hrservices.es\/wp-content\/uploads\/2018\/11\/law-1991004_1920-300x196.jpg 300w, https:\/\/www.hrservices.es\/wp-content\/uploads\/2018\/11\/law-1991004_1920-768x502.jpg 768w, https:\/\/www.hrservices.es\/wp-content\/uploads\/2018\/11\/law-1991004_1920-1024x669.jpg 1024w, https:\/\/www.hrservices.es\/wp-content\/uploads\/2018\/11\/law-1991004_1920-700x458.jpg 700w, https:\/\/www.hrservices.es\/wp-content\/uploads\/2018\/11\/law-1991004_1920-520x340.jpg 520w, https:\/\/www.hrservices.es\/wp-content\/uploads\/2018\/11\/law-1991004_1920-360x235.jpg 360w, https:\/\/www.hrservices.es\/wp-content\/uploads\/2018\/11\/law-1991004_1920-250x163.jpg 250w, https:\/\/www.hrservices.es\/wp-content\/uploads\/2018\/11\/law-1991004_1920-100x65.jpg 100w, https:\/\/www.hrservices.es\/wp-content\/uploads\/2018\/11\/law-1991004_1920.jpg 1920w\" sizes=\"(max-width: 300px) 100vw, 300px\" \/><\/p>\n<h3 style=\"text-align: center;\">Asesoramiento jur\u00eddico-laboral<\/h3>\n<p>Contamos con mas de 20 a\u00f1os de experiencia en todo tipo de procesos laborales, inspecciones de trabajo, sanciones y despidos.<\/p>\n<p>Clausulas adicionales al contrato en materia de Confidencialidad, Non Compete, Propiedad Intelectual.<\/p>\n<p>&nbsp;<\/p>\n<h3 style=\"text-align: center;\"><img loading=\"lazy\" decoding=\"async\" class=\"size-medium wp-image-152 alignleft\" src=\"http:\/\/www.hrservices.es\/wp-content\/uploads\/2018\/11\/firefighter-3747363_1920-300x200.jpg\" alt=\"\" width=\"300\" height=\"200\" srcset=\"https:\/\/www.hrservices.es\/wp-content\/uploads\/2018\/11\/firefighter-3747363_1920-300x200.jpg 300w, https:\/\/www.hrservices.es\/wp-content\/uploads\/2018\/11\/firefighter-3747363_1920-768x512.jpg 768w, https:\/\/www.hrservices.es\/wp-content\/uploads\/2018\/11\/firefighter-3747363_1920-1024x683.jpg 1024w, https:\/\/www.hrservices.es\/wp-content\/uploads\/2018\/11\/firefighter-3747363_1920-700x467.jpg 700w, https:\/\/www.hrservices.es\/wp-content\/uploads\/2018\/11\/firefighter-3747363_1920-520x347.jpg 520w, https:\/\/www.hrservices.es\/wp-content\/uploads\/2018\/11\/firefighter-3747363_1920-360x240.jpg 360w, https:\/\/www.hrservices.es\/wp-content\/uploads\/2018\/11\/firefighter-3747363_1920-250x167.jpg 250w, https:\/\/www.hrservices.es\/wp-content\/uploads\/2018\/11\/firefighter-3747363_1920-100x67.jpg 100w, https:\/\/www.hrservices.es\/wp-content\/uploads\/2018\/11\/firefighter-3747363_1920.jpg 1920w\" sizes=\"(max-width: 300px) 100vw, 300px\" \/>Coordinaci\u00f3n de PRL<\/h3>\n<p style=\"text-align: left;\">Tramitamos con los servicios de prevenci\u00f3n ajena y la Mutua de accidentes todo lo relacionado con :<\/p>\n<ul>\n<li style=\"text-align: left;\">Seguridad de la Salud<\/li>\n<li style=\"text-align: left;\">Evaluaci\u00f3n de Puestos<\/li>\n<li style=\"text-align: left;\">\u00a0Planes de Emergencia<\/li>\n<\/ul>\n<p>&nbsp;<\/p>\n<h3 style=\"text-align: center;\">B\u00fasqueda de formaci\u00f3n<img loading=\"lazy\" decoding=\"async\" class=\"size-medium wp-image-154 alignright\" src=\"http:\/\/www.hrservices.es\/wp-content\/uploads\/2018\/11\/classroom-1209820_1920-300x225.jpg\" alt=\"\" width=\"300\" height=\"225\" srcset=\"https:\/\/www.hrservices.es\/wp-content\/uploads\/2018\/11\/classroom-1209820_1920-300x225.jpg 300w, https:\/\/www.hrservices.es\/wp-content\/uploads\/2018\/11\/classroom-1209820_1920-768x576.jpg 768w, https:\/\/www.hrservices.es\/wp-content\/uploads\/2018\/11\/classroom-1209820_1920-1024x768.jpg 1024w, https:\/\/www.hrservices.es\/wp-content\/uploads\/2018\/11\/classroom-1209820_1920-700x525.jpg 700w, https:\/\/www.hrservices.es\/wp-content\/uploads\/2018\/11\/classroom-1209820_1920-520x390.jpg 520w, https:\/\/www.hrservices.es\/wp-content\/uploads\/2018\/11\/classroom-1209820_1920-360x270.jpg 360w, https:\/\/www.hrservices.es\/wp-content\/uploads\/2018\/11\/classroom-1209820_1920-250x188.jpg 250w, https:\/\/www.hrservices.es\/wp-content\/uploads\/2018\/11\/classroom-1209820_1920-100x75.jpg 100w, https:\/\/www.hrservices.es\/wp-content\/uploads\/2018\/11\/classroom-1209820_1920.jpg 1920w\" sizes=\"(max-width: 300px) 100vw, 300px\" \/><\/h3>\n<p>Gestionamos la b\u00fasqueda de cursos a medida para su compa\u00f1\u00eda.<\/p>\n<ul>\n<li>Cursos generales ( Ofim\u00e1tica, Idiomas )<\/li>\n<li>Cursos espec\u00edficos ( Programaci\u00f3n , dise\u00f1o web ).<\/li>\n<\/ul>\n<p>&nbsp;<\/p>\n<p>&nbsp;<\/p>\n<h3 style=\"text-align: center;\">\n<img loading=\"lazy\" decoding=\"async\" class=\"size-medium wp-image-156 alignright\" src=\"http:\/\/www.hrservices.es\/wp-content\/uploads\/2018\/11\/class-1986501_1920-300x200.jpg\" alt=\"\" width=\"300\" height=\"200\" srcset=\"https:\/\/www.hrservices.es\/wp-content\/uploads\/2018\/11\/class-1986501_1920-300x200.jpg 300w, https:\/\/www.hrservices.es\/wp-content\/uploads\/2018\/11\/class-1986501_1920-768x512.jpg 768w, https:\/\/www.hrservices.es\/wp-content\/uploads\/2018\/11\/class-1986501_1920-1024x683.jpg 1024w, https:\/\/www.hrservices.es\/wp-content\/uploads\/2018\/11\/class-1986501_1920-700x467.jpg 700w, https:\/\/www.hrservices.es\/wp-content\/uploads\/2018\/11\/class-1986501_1920-520x347.jpg 520w, https:\/\/www.hrservices.es\/wp-content\/uploads\/2018\/11\/class-1986501_1920-360x240.jpg 360w, https:\/\/www.hrservices.es\/wp-content\/uploads\/2018\/11\/class-1986501_1920-250x167.jpg 250w, https:\/\/www.hrservices.es\/wp-content\/uploads\/2018\/11\/class-1986501_1920-100x67.jpg 100w, https:\/\/www.hrservices.es\/wp-content\/uploads\/2018\/11\/class-1986501_1920.jpg 1920w\" sizes=\"(max-width: 300px) 100vw, 300px\" \/><\/h3>\n<h3 style=\"text-align: center;\">Gesti\u00f3n del cr\u00e9dito de formaci\u00f3n<\/h3>\n<p>Realizamos el proceso completo para solicitar, el cr\u00e9dito en formaci\u00f3n disponible para la empresa.<\/p>\n<p>Alta y seguimiento en FUNDAE.<\/p>\n","protected":false},"excerpt":{"rendered":"<p>Asesoramiento jur\u00eddico-laboral Contamos con mas de 20 a\u00f1os de experiencia en todo tipo de procesos laborales, inspecciones de trabajo, sanciones y despidos. Clausulas adicionales al contrato en materia de Confidencialidad, Non Compete, Propiedad Intelectual. &nbsp; Coordinaci\u00f3n de PRL Tramitamos con [&hellip;]<\/p>\n","protected":false},"author":2,"featured_media":155,"parent":0,"menu_order":4,"comment_status":"closed","ping_status":"closed","template":"","meta":{"footnotes":""},"_links":{"self":[{"href":"https:\/\/www.hrservices.es\/index.php?rest_route=\/wp\/v2\/pages\/107"}],"collection":[{"href":"https:\/\/www.hrservices.es\/index.php?rest_route=\/wp\/v2\/pages"}],"about":[{"href":"https:\/\/www.hrservices.es\/index.php?rest_route=\/wp\/v2\/types\/page"}],"author":[{"embeddable":true,"href":"https:\/\/www.hrservices.es\/index.php?rest_route=\/wp\/v2\/users\/2"}],"replies":[{"embeddable":true,"href":"https:\/\/www.hrservices.es\/index.php?rest_route=%2Fwp%2Fv2%2Fcomments&post=107"}],"version-history":[{"count":6,"href":"https:\/\/www.hrservices.es\/index.php?rest_route=\/wp\/v2\/pages\/107\/revisions"}],"predecessor-version":[{"id":165,"href":"https:\/\/www.hrservices.es\/index.php?rest_route=\/wp\/v2\/pages\/107\/revisions\/165"}],"wp:featuredmedia":[{"embeddable":true,"href":"https:\/\/www.hrservices.es\/index.php?rest_route=\/wp\/v2\/media\/155"}],"wp:attachment":[{"href":"https:\/\/www.hrservices.es\/index.php?rest_route=%2Fwp%2Fv2%2Fmedia&parent=107"}],"curies":[{"name":"wp","href":"https:\/\/api.w.org\/{rel}","templated":true}]}}